{"id":10629,"date":"2025-06-19T11:19:06","date_gmt":"2025-06-19T09:19:06","guid":{"rendered":"https:\/\/www.dksr.city\/consulting\/"},"modified":"2025-12-02T15:09:05","modified_gmt":"2025-12-02T14:09:05","slug":"consulting","status":"publish","type":"page","link":"https:\/\/www.dksr.city\/en\/consulting\/","title":{"rendered":"Consulting"},"content":{"rendered":"<div id=\"cs-content\" class=\"cs-content\"><\/div>\n","protected":false},"excerpt":{"rendered":"<p>Data experts for sustainable, resilient cities and regions Wir machen die systemische Komplexit\u00e4t Ihrer Stadt oder Region mit Daten verst\u00e4ndlich und h\u00e4ndelbar. Dadurch k\u00f6nnen Sie Handlungsoptionen identifizieren und evidenzbasiert abw\u00e4gen, mit welchen Ma\u00dfnahmen Sie Ihre Ziele am besten erreichen.Smart services Workshops, consulting and project supportBook a consultationSmart services Workshops, consulting and project supportBook a consultationData solutions are an important building &#8230; <\/p>\n<div><a href=\"https:\/\/www.dksr.city\/en\/consulting\/\" class=\"more-link\">Read More<\/a><\/div>\n","protected":false},"author":1,"featured_media":0,"parent":0,"menu_order":0,"comment_status":"closed","ping_status":"closed","template":"template-blank-4.php","meta":{"inline_featured_image":false,"footnotes":""},"class_list":["post-10629","page","type-page","status-publish","hentry","no-post-thumbnail"],"_links":{"self":[{"href":"https:\/\/www.dksr.city\/en\/wp-json\/wp\/v2\/pages\/10629","targetHints":{"allow":["GET"]}}],"collection":[{"href":"https:\/\/www.dksr.city\/en\/wp-json\/wp\/v2\/pages"}],"about":[{"href":"https:\/\/www.dksr.city\/en\/wp-json\/wp\/v2\/types\/page"}],"author":[{"embeddable":true,"href":"https:\/\/www.dksr.city\/en\/wp-json\/wp\/v2\/users\/1"}],"replies":[{"embeddable":true,"href":"https:\/\/www.dksr.city\/en\/wp-json\/wp\/v2\/comments?post=10629"}],"version-history":[{"count":10,"href":"https:\/\/www.dksr.city\/en\/wp-json\/wp\/v2\/pages\/10629\/revisions"}],"predecessor-version":[{"id":10937,"href":"https:\/\/www.dksr.city\/en\/wp-json\/wp\/v2\/pages\/10629\/revisions\/10937"}],"wp:attachment":[{"href":"https:\/\/www.dksr.city\/en\/wp-json\/wp\/v2\/media?parent=10629"}],"curies":[{"name":"wp","href":"https:\/\/api.w.org\/{rel}","templated":true}]}}