{"id":9752,"date":"2024-09-04T18:43:30","date_gmt":"2024-09-04T16:43:30","guid":{"rendered":"https:\/\/www.dksr.city\/ueber-uns-en\/"},"modified":"2025-12-02T15:12:59","modified_gmt":"2025-12-02T14:12:59","slug":"ueber-uns-2","status":"publish","type":"page","link":"https:\/\/www.dksr.city\/en\/ueber-uns-2\/","title":{"rendered":"About us"},"content":{"rendered":"<div id=\"cs-content\" class=\"cs-content\"><\/div>\n","protected":false},"excerpt":{"rendered":"<p>Datenexperten f\u00fcr nachhaltige, resiliente St\u00e4dte und Regionen Wir machen die systemische Komplexit\u00e4t Ihrer Stadt oder Region mit Daten verst\u00e4ndlich und h\u00e4ndelbar. Dadurch k\u00f6nnen Sie Handlungsoptionen identifizieren und evidenzbasiert abw\u00e4gen, mit welchen Ma\u00dfnahmen Sie Ihre Ziele am besten erreichen.More about us Who we are More about us Who we areWe are a team of experts in urban development, urban planning, sustainability &#8230; <\/p>\n<div><a href=\"https:\/\/www.dksr.city\/en\/ueber-uns-2\/\" class=\"more-link\">Read More<\/a><\/div>\n","protected":false},"author":1,"featured_media":0,"parent":0,"menu_order":0,"comment_status":"closed","ping_status":"closed","template":"template-blank-4.php","meta":{"inline_featured_image":false,"footnotes":""},"class_list":["post-9752","page","type-page","status-publish","hentry","no-post-thumbnail"],"_links":{"self":[{"href":"https:\/\/www.dksr.city\/en\/wp-json\/wp\/v2\/pages\/9752","targetHints":{"allow":["GET"]}}],"collection":[{"href":"https:\/\/www.dksr.city\/en\/wp-json\/wp\/v2\/pages"}],"about":[{"href":"https:\/\/www.dksr.city\/en\/wp-json\/wp\/v2\/types\/page"}],"author":[{"embeddable":true,"href":"https:\/\/www.dksr.city\/en\/wp-json\/wp\/v2\/users\/1"}],"replies":[{"embeddable":true,"href":"https:\/\/www.dksr.city\/en\/wp-json\/wp\/v2\/comments?post=9752"}],"version-history":[{"count":10,"href":"https:\/\/www.dksr.city\/en\/wp-json\/wp\/v2\/pages\/9752\/revisions"}],"predecessor-version":[{"id":10939,"href":"https:\/\/www.dksr.city\/en\/wp-json\/wp\/v2\/pages\/9752\/revisions\/10939"}],"wp:attachment":[{"href":"https:\/\/www.dksr.city\/en\/wp-json\/wp\/v2\/media?parent=9752"}],"curies":[{"name":"wp","href":"https:\/\/api.w.org\/{rel}","templated":true}]}}