{"id":9857,"date":"2024-09-04T18:37:37","date_gmt":"2024-09-04T16:37:37","guid":{"rendered":"https:\/\/www.dksr.city\/urbane-datenplattform-englisch\/"},"modified":"2025-12-02T15:02:55","modified_gmt":"2025-12-02T14:02:55","slug":"urbane-datenplattform-2","status":"publish","type":"page","link":"https:\/\/www.dksr.city\/en\/urbane-datenplattform-2\/","title":{"rendered":"Urbane Datenplattform (Englisch)"},"content":{"rendered":"<div id=\"cs-content\" class=\"cs-content\"><\/div>\n","protected":false},"excerpt":{"rendered":"<p>Datenexperten f\u00fcr nachhaltige, resiliente St\u00e4dte und Regionen Wir machen die systemische Komplexit\u00e4t Ihrer Stadt oder Region mit Daten verst\u00e4ndlich und h\u00e4ndelbar. Dadurch k\u00f6nnen Sie Handlungsoptionen identifizieren und evidenzbasiert abw\u00e4gen, mit welchen Ma\u00dfnahmen Sie Ihre Ziele am besten erreichen.CIVORA Open Urban Data platform The digital infrastructure for your smart city projectsBook a consultationOpen Urban Data platform The digital infrastructure for your &#8230; <\/p>\n<div><a href=\"https:\/\/www.dksr.city\/en\/urbane-datenplattform-2\/\" class=\"more-link\">Read More<\/a><\/div>\n","protected":false},"author":8,"featured_media":0,"parent":0,"menu_order":0,"comment_status":"closed","ping_status":"closed","template":"template-blank-4.php","meta":{"inline_featured_image":false,"footnotes":""},"class_list":["post-9857","page","type-page","status-publish","hentry","no-post-thumbnail"],"_links":{"self":[{"href":"https:\/\/www.dksr.city\/en\/wp-json\/wp\/v2\/pages\/9857","targetHints":{"allow":["GET"]}}],"collection":[{"href":"https:\/\/www.dksr.city\/en\/wp-json\/wp\/v2\/pages"}],"about":[{"href":"https:\/\/www.dksr.city\/en\/wp-json\/wp\/v2\/types\/page"}],"author":[{"embeddable":true,"href":"https:\/\/www.dksr.city\/en\/wp-json\/wp\/v2\/users\/8"}],"replies":[{"embeddable":true,"href":"https:\/\/www.dksr.city\/en\/wp-json\/wp\/v2\/comments?post=9857"}],"version-history":[{"count":10,"href":"https:\/\/www.dksr.city\/en\/wp-json\/wp\/v2\/pages\/9857\/revisions"}],"predecessor-version":[{"id":10931,"href":"https:\/\/www.dksr.city\/en\/wp-json\/wp\/v2\/pages\/9857\/revisions\/10931"}],"wp:attachment":[{"href":"https:\/\/www.dksr.city\/en\/wp-json\/wp\/v2\/media?parent=9857"}],"curies":[{"name":"wp","href":"https:\/\/api.w.org\/{rel}","templated":true}]}}