{"id":9948,"date":"2024-09-04T18:43:51","date_gmt":"2024-09-04T16:43:51","guid":{"rendered":"https:\/\/www.dksr.city\/community\/"},"modified":"2026-02-03T19:45:21","modified_gmt":"2026-02-03T18:45:21","slug":"community","status":"publish","type":"page","link":"https:\/\/www.dksr.city\/en\/community\/","title":{"rendered":"Community"},"content":{"rendered":"<div id=\"cs-content\" class=\"cs-content\"><\/div>\n","protected":false},"excerpt":{"rendered":"<p>Data experts for sustainable, resilient cities and regions Wir machen die systemische Komplexit\u00e4t Ihrer Stadt oder Region mit Daten verst\u00e4ndlich und h\u00e4ndelbar. Dadurch k\u00f6nnen Sie Handlungsoptionen identifizieren und evidenzbasiert abw\u00e4gen, mit welchen Ma\u00dfnahmen Sie Ihre Ziele am besten erreichen.Urban Data Community Become activeUrban Data Community Become activeWorking together Damit viele gute L\u00f6sungen zusammenkommenWith our Urban Data Community, we want to &#8230; <\/p>\n<div><a href=\"https:\/\/www.dksr.city\/en\/community\/\" class=\"more-link\">Read More<\/a><\/div>\n","protected":false},"author":1,"featured_media":0,"parent":0,"menu_order":0,"comment_status":"closed","ping_status":"closed","template":"template-blank-4.php","meta":{"inline_featured_image":false,"footnotes":""},"class_list":["post-9948","page","type-page","status-publish","hentry","no-post-thumbnail"],"_links":{"self":[{"href":"https:\/\/www.dksr.city\/en\/wp-json\/wp\/v2\/pages\/9948","targetHints":{"allow":["GET"]}}],"collection":[{"href":"https:\/\/www.dksr.city\/en\/wp-json\/wp\/v2\/pages"}],"about":[{"href":"https:\/\/www.dksr.city\/en\/wp-json\/wp\/v2\/types\/page"}],"author":[{"embeddable":true,"href":"https:\/\/www.dksr.city\/en\/wp-json\/wp\/v2\/users\/1"}],"replies":[{"embeddable":true,"href":"https:\/\/www.dksr.city\/en\/wp-json\/wp\/v2\/comments?post=9948"}],"version-history":[{"count":10,"href":"https:\/\/www.dksr.city\/en\/wp-json\/wp\/v2\/pages\/9948\/revisions"}],"predecessor-version":[{"id":11045,"href":"https:\/\/www.dksr.city\/en\/wp-json\/wp\/v2\/pages\/9948\/revisions\/11045"}],"wp:attachment":[{"href":"https:\/\/www.dksr.city\/en\/wp-json\/wp\/v2\/media?parent=9948"}],"curies":[{"name":"wp","href":"https:\/\/api.w.org\/{rel}","templated":true}]}}